{"id":156,"date":"2026-03-25T00:27:53","date_gmt":"2026-03-25T00:27:53","guid":{"rendered":"https:\/\/helgasermat.com\/a-propos\/"},"modified":"2026-04-20T20:28:27","modified_gmt":"2026-04-20T20:28:27","slug":"a-propos","status":"publish","type":"page","link":"https:\/\/helgasermat.com\/fr\/a-propos\/","title":{"rendered":"\u00c0 propos"},"content":{"rendered":"<div class=\"wp-block-image\">\n<figure class=\"alignleft size-large is-resized\"><img loading=\"lazy\" decoding=\"async\" width=\"1024\" height=\"1024\" src=\"https:\/\/helgasermat.com\/wp-content\/uploads\/2026\/03\/about-studio-1024x1024.jpg\" alt=\"\" class=\"wp-image-8\" style=\"width:496px;height:auto\" srcset=\"https:\/\/helgasermat.com\/wp-content\/uploads\/2026\/03\/about-studio-1024x1024.jpg 1024w, https:\/\/helgasermat.com\/wp-content\/uploads\/2026\/03\/about-studio-300x300.jpg 300w, https:\/\/helgasermat.com\/wp-content\/uploads\/2026\/03\/about-studio-150x150.jpg 150w, https:\/\/helgasermat.com\/wp-content\/uploads\/2026\/03\/about-studio-768x768.jpg 768w, https:\/\/helgasermat.com\/wp-content\/uploads\/2026\/03\/about-studio.jpg 1200w\" sizes=\"auto, (max-width: 1024px) 100vw, 1024px\" \/><\/figure>\n<\/div>\n\n\n<p>Helga Sermat est n\u00e9e \u00e0 Toronto et a grandi dans une famille de cinq enfants \u00e9lev\u00e9s dans la langue et la culture de ses parents estoniens. Sa m\u00e8re \u00e9tait particuli\u00e8rement dou\u00e9e pour la photographie, la peinture et la couture. Son p\u00e8re \u00e9tait un dessinateur et un \u00e9b\u00e9niste accompli. Ils ont \u00e9t\u00e9 des mod\u00e8les inspirants de cr\u00e9ativit\u00e9 et d\u2019ing\u00e9niosit\u00e9.<\/p>\n\n\n\n<p>Helga a compl\u00e9t\u00e9 un baccalaur\u00e9at en sciences humaines \u00e0 <em>York Universit<\/em><strong><em>y<\/em><\/strong> \u00e0 Toronto et poursuivi des \u00e9tudes en design th\u00e9\u00e2tral, dessin, sculpture, th\u00e9orie de la couleur et gravure \u00e0 l\u2019<em>University of British Colombia<\/em>, <em>Emily Carr Institute of Art &amp; Design<\/em> \u00e0 Vancouver et \u00e0 <em>l\u2019\u00c9cole des Beaux-Arts Saidye Bronfman<\/em> \u00e0 Montreal.<\/p>\n\n\n\n<p>Helga a travaill\u00e9 \u00e0 la conception de costumes et accessoires pour des compagnies de th\u00e9\u00e2tre et de danse. Elle a \u00e9galement co-fond\u00e9 <a href=\"http:\/\/www.urban-source.ca\/\" target=\"_blank\" rel=\"noreferrer noopener\">URBAN&nbsp;SOURCE<\/a> \u00e0 Vancouver, un magasin alternatif de mat\u00e9riaux d\u2019art o\u00f9 elle a aussi pr\u00e9sent\u00e9 des ateliers pour les enfants et les adultes. D\u00e9m\u00e9nag\u00e9e \u00e0 Montr\u00e9al en 1997, elle a travaill\u00e9 comme illustratrice et graphiste tout en d\u00e9veloppant son art.&nbsp;<\/p>\n\n\n\n<p>Helga vit \u00e0 Hemmingford, Quebec, o\u00f9 elle partage son temps entre la peinture dans son atelier \u00e0 domicile, l&rsquo;enseignement et sa passion pour les chevaux. Elle est membre fondatrice d&rsquo;ATELIERS ART HEMMINGFORD, un petit collectif d&rsquo;artistes locaux qui propose divers ateliers.<\/p>\n\n\n\n<p>Helga est repr\u00e9sent\u00e9e par la <a href=\"https:\/\/galeriestlaurentplushill.com\/\" target=\"_blank\" rel=\"noreferrer noopener\">GALERIE ST. LAURENT<\/a>, \u00e0 Ottawa, en Ontario.<\/p>\n\n\n\n<p><\/p>\n","protected":false},"excerpt":{"rendered":"<p>Helga Sermat est n\u00e9e \u00e0 Toronto et a grandi dans une famille de cinq enfants \u00e9lev\u00e9s dans la langue et la culture de ses parents estoniens. Sa m\u00e8re \u00e9tait particuli\u00e8rement dou\u00e9e pour la photographie, la peinture et la couture. Son p\u00e8re \u00e9tait un dessinateur et un \u00e9b\u00e9niste accompli. Ils ont\u2026<\/p>\n<p> <a class=\"continue-reading-link\" href=\"https:\/\/helgasermat.com\/fr\/a-propos\/\"><span>Continue reading<\/span><i class=\"crycon-right-dir\"><\/i><\/a> <\/p>\n","protected":false},"author":1,"featured_media":0,"parent":0,"menu_order":0,"comment_status":"closed","ping_status":"closed","template":"","meta":{"footnotes":""},"class_list":["post-156","page","type-page","status-publish","hentry"],"yoast_head":"<!-- This site is optimized with the Yoast SEO plugin v27.4 - https:\/\/yoast.com\/product\/yoast-seo-wordpress\/ -->\n<title>\u00c0 propos - Helga Sermat - Artist<\/title>\n<meta name=\"robots\" content=\"index, follow, max-snippet:-1, max-image-preview:large, max-video-preview:-1\" \/>\n<link rel=\"canonical\" href=\"https:\/\/helgasermat.com\/fr\/a-propos\/\" \/>\n<meta property=\"og:locale\" content=\"fr_FR\" \/>\n<meta property=\"og:type\" content=\"article\" \/>\n<meta property=\"og:title\" content=\"\u00c0 propos - Helga Sermat - Artist\" \/>\n<meta property=\"og:description\" content=\"Helga Sermat est n\u00e9e \u00e0 Toronto et a grandi dans une famille de cinq enfants \u00e9lev\u00e9s dans la langue et la culture de ses parents estoniens. Sa m\u00e8re \u00e9tait particuli\u00e8rement dou\u00e9e pour la photographie, la peinture et la couture. Son p\u00e8re \u00e9tait un dessinateur et un \u00e9b\u00e9niste accompli. Ils ont\u2026 Continue reading\" \/>\n<meta property=\"og:url\" content=\"https:\/\/helgasermat.com\/fr\/a-propos\/\" \/>\n<meta property=\"og:site_name\" content=\"Helga Sermat - Artist\" \/>\n<meta property=\"article:modified_time\" content=\"2026-04-20T20:28:27+00:00\" \/>\n<meta property=\"og:image\" content=\"https:\/\/helgasermat.com\/wp-content\/uploads\/2026\/03\/about-studio.jpg\" \/>\n\t<meta property=\"og:image:width\" content=\"1200\" \/>\n\t<meta property=\"og:image:height\" content=\"1200\" \/>\n\t<meta property=\"og:image:type\" content=\"image\/jpeg\" \/>\n<meta name=\"twitter:card\" content=\"summary_large_image\" \/>\n<meta name=\"twitter:label1\" content=\"Dur\u00e9e de lecture estim\u00e9e\" \/>\n\t<meta name=\"twitter:data1\" content=\"2 minutes\" \/>\n<script type=\"application\/ld+json\" class=\"yoast-schema-graph\">{\"@context\":\"https:\\\/\\\/schema.org\",\"@graph\":[{\"@type\":\"WebPage\",\"@id\":\"https:\\\/\\\/helgasermat.com\\\/fr\\\/a-propos\\\/\",\"url\":\"https:\\\/\\\/helgasermat.com\\\/fr\\\/a-propos\\\/\",\"name\":\"\u00c0 propos - Helga Sermat - Artist\",\"isPartOf\":{\"@id\":\"https:\\\/\\\/helgasermat.com\\\/fr\\\/#website\"},\"primaryImageOfPage\":{\"@id\":\"https:\\\/\\\/helgasermat.com\\\/fr\\\/a-propos\\\/#primaryimage\"},\"image\":{\"@id\":\"https:\\\/\\\/helgasermat.com\\\/fr\\\/a-propos\\\/#primaryimage\"},\"thumbnailUrl\":\"https:\\\/\\\/helgasermat.com\\\/wp-content\\\/uploads\\\/2026\\\/03\\\/about-studio-1024x1024.jpg\",\"datePublished\":\"2026-03-25T00:27:53+00:00\",\"dateModified\":\"2026-04-20T20:28:27+00:00\",\"breadcrumb\":{\"@id\":\"https:\\\/\\\/helgasermat.com\\\/fr\\\/a-propos\\\/#breadcrumb\"},\"inLanguage\":\"fr-FR\",\"potentialAction\":[{\"@type\":\"ReadAction\",\"target\":[\"https:\\\/\\\/helgasermat.com\\\/fr\\\/a-propos\\\/\"]}]},{\"@type\":\"ImageObject\",\"inLanguage\":\"fr-FR\",\"@id\":\"https:\\\/\\\/helgasermat.com\\\/fr\\\/a-propos\\\/#primaryimage\",\"url\":\"https:\\\/\\\/helgasermat.com\\\/wp-content\\\/uploads\\\/2026\\\/03\\\/about-studio-1024x1024.jpg\",\"contentUrl\":\"https:\\\/\\\/helgasermat.com\\\/wp-content\\\/uploads\\\/2026\\\/03\\\/about-studio-1024x1024.jpg\"},{\"@type\":\"BreadcrumbList\",\"@id\":\"https:\\\/\\\/helgasermat.com\\\/fr\\\/a-propos\\\/#breadcrumb\",\"itemListElement\":[{\"@type\":\"ListItem\",\"position\":1,\"name\":\"Home\",\"item\":\"https:\\\/\\\/helgasermat.com\\\/fr\\\/accueil\\\/\"},{\"@type\":\"ListItem\",\"position\":2,\"name\":\"\u00c0 propos\"}]},{\"@type\":\"WebSite\",\"@id\":\"https:\\\/\\\/helgasermat.com\\\/fr\\\/#website\",\"url\":\"https:\\\/\\\/helgasermat.com\\\/fr\\\/\",\"name\":\"Helga Sermat - Artist\",\"description\":\"\",\"potentialAction\":[{\"@type\":\"SearchAction\",\"target\":{\"@type\":\"EntryPoint\",\"urlTemplate\":\"https:\\\/\\\/helgasermat.com\\\/fr\\\/?s={search_term_string}\"},\"query-input\":{\"@type\":\"PropertyValueSpecification\",\"valueRequired\":true,\"valueName\":\"search_term_string\"}}],\"inLanguage\":\"fr-FR\"}]}<\/script>\n<!-- \/ Yoast SEO plugin. -->","yoast_head_json":{"title":"\u00c0 propos - Helga Sermat - Artist","robots":{"index":"index","follow":"follow","max-snippet":"max-snippet:-1","max-image-preview":"max-image-preview:large","max-video-preview":"max-video-preview:-1"},"canonical":"https:\/\/helgasermat.com\/fr\/a-propos\/","og_locale":"fr_FR","og_type":"article","og_title":"\u00c0 propos - Helga Sermat - Artist","og_description":"Helga Sermat est n\u00e9e \u00e0 Toronto et a grandi dans une famille de cinq enfants \u00e9lev\u00e9s dans la langue et la culture de ses parents estoniens. Sa m\u00e8re \u00e9tait particuli\u00e8rement dou\u00e9e pour la photographie, la peinture et la couture. Son p\u00e8re \u00e9tait un dessinateur et un \u00e9b\u00e9niste accompli. Ils ont\u2026 Continue reading","og_url":"https:\/\/helgasermat.com\/fr\/a-propos\/","og_site_name":"Helga Sermat - Artist","article_modified_time":"2026-04-20T20:28:27+00:00","og_image":[{"width":1200,"height":1200,"url":"https:\/\/helgasermat.com\/wp-content\/uploads\/2026\/03\/about-studio.jpg","type":"image\/jpeg"}],"twitter_card":"summary_large_image","twitter_misc":{"Dur\u00e9e de lecture estim\u00e9e":"2 minutes"},"schema":{"@context":"https:\/\/schema.org","@graph":[{"@type":"WebPage","@id":"https:\/\/helgasermat.com\/fr\/a-propos\/","url":"https:\/\/helgasermat.com\/fr\/a-propos\/","name":"\u00c0 propos - Helga Sermat - Artist","isPartOf":{"@id":"https:\/\/helgasermat.com\/fr\/#website"},"primaryImageOfPage":{"@id":"https:\/\/helgasermat.com\/fr\/a-propos\/#primaryimage"},"image":{"@id":"https:\/\/helgasermat.com\/fr\/a-propos\/#primaryimage"},"thumbnailUrl":"https:\/\/helgasermat.com\/wp-content\/uploads\/2026\/03\/about-studio-1024x1024.jpg","datePublished":"2026-03-25T00:27:53+00:00","dateModified":"2026-04-20T20:28:27+00:00","breadcrumb":{"@id":"https:\/\/helgasermat.com\/fr\/a-propos\/#breadcrumb"},"inLanguage":"fr-FR","potentialAction":[{"@type":"ReadAction","target":["https:\/\/helgasermat.com\/fr\/a-propos\/"]}]},{"@type":"ImageObject","inLanguage":"fr-FR","@id":"https:\/\/helgasermat.com\/fr\/a-propos\/#primaryimage","url":"https:\/\/helgasermat.com\/wp-content\/uploads\/2026\/03\/about-studio-1024x1024.jpg","contentUrl":"https:\/\/helgasermat.com\/wp-content\/uploads\/2026\/03\/about-studio-1024x1024.jpg"},{"@type":"BreadcrumbList","@id":"https:\/\/helgasermat.com\/fr\/a-propos\/#breadcrumb","itemListElement":[{"@type":"ListItem","position":1,"name":"Home","item":"https:\/\/helgasermat.com\/fr\/accueil\/"},{"@type":"ListItem","position":2,"name":"\u00c0 propos"}]},{"@type":"WebSite","@id":"https:\/\/helgasermat.com\/fr\/#website","url":"https:\/\/helgasermat.com\/fr\/","name":"Helga Sermat - Artist","description":"","potentialAction":[{"@type":"SearchAction","target":{"@type":"EntryPoint","urlTemplate":"https:\/\/helgasermat.com\/fr\/?s={search_term_string}"},"query-input":{"@type":"PropertyValueSpecification","valueRequired":true,"valueName":"search_term_string"}}],"inLanguage":"fr-FR"}]}},"_links":{"self":[{"href":"https:\/\/helgasermat.com\/fr\/wp-json\/wp\/v2\/pages\/156","targetHints":{"allow":["GET"]}}],"collection":[{"href":"https:\/\/helgasermat.com\/fr\/wp-json\/wp\/v2\/pages"}],"about":[{"href":"https:\/\/helgasermat.com\/fr\/wp-json\/wp\/v2\/types\/page"}],"author":[{"embeddable":true,"href":"https:\/\/helgasermat.com\/fr\/wp-json\/wp\/v2\/users\/1"}],"replies":[{"embeddable":true,"href":"https:\/\/helgasermat.com\/fr\/wp-json\/wp\/v2\/comments?post=156"}],"version-history":[{"count":6,"href":"https:\/\/helgasermat.com\/fr\/wp-json\/wp\/v2\/pages\/156\/revisions"}],"predecessor-version":[{"id":222,"href":"https:\/\/helgasermat.com\/fr\/wp-json\/wp\/v2\/pages\/156\/revisions\/222"}],"wp:attachment":[{"href":"https:\/\/helgasermat.com\/fr\/wp-json\/wp\/v2\/media?parent=156"}],"curies":[{"name":"wp","href":"https:\/\/api.w.org\/{rel}","templated":true}]}}